{"id":185,"date":"2023-08-20T20:14:13","date_gmt":"2023-08-20T23:14:13","guid":{"rendered":"https:\/\/pdr.org.br\/?page_id=185"},"modified":"2025-05-29T16:42:19","modified_gmt":"2025-05-29T19:42:19","slug":"investimentos-de-impacto","status":"publish","type":"page","link":"https:\/\/pdr.org.br\/?page_id=185","title":{"rendered":"Investimentos de impacto"},"content":{"rendered":"\n<div class=\"wp-block-cover alignfull\" style=\"min-height:206px;aspect-ratio:unset;\"><span aria-hidden=\"true\" class=\"wp-block-cover__background has-nv-site-bg-background-color has-background-dim-100 has-background-dim\"><\/span><div class=\"wp-block-cover__inner-container is-layout-flow wp-block-cover-is-layout-flow\">\n<div class=\"wp-block-group\"><div class=\"wp-block-group__inner-container is-layout-flow wp-block-group-is-layout-flow\">\n<h2 class=\"wp-block-heading has-text-align-left has-neve-text-color-color has-text-color\">Investimentos de impacto<\/h2>\n\n\n\n<p class=\"has-neve-text-color-color has-text-color\" style=\"font-size:22px\">Saiba mais sobre nossas participa\u00e7\u00f5es em neg\u00f3cios sociais<\/p>\n<\/div><\/div>\n<\/div><\/div>\n\n\n\n<div class=\"wp-block-cover alignfull\" style=\"min-height:600px;aspect-ratio:unset;\"><span aria-hidden=\"true\" class=\"wp-block-cover__background has-nv-dark-bg-background-color has-background-dim-100 has-background-dim\"><\/span><div class=\"wp-block-cover__inner-container is-layout-flow wp-block-cover-is-layout-flow\">\n<div class=\"wp-block-group\"><div class=\"wp-block-group__inner-container is-layout-flow wp-block-group-is-layout-flow\">\n<div style=\"height:80px\" aria-hidden=\"true\" class=\"wp-block-spacer\"><\/div>\n\n\n\n<div class=\"wp-block-columns is-layout-flex wp-container-core-columns-is-layout-9d6595d7 wp-block-columns-is-layout-flex\">\n<div class=\"wp-block-column is-layout-flow wp-block-column-is-layout-flow\">\n<p><strong><mark style=\"background-color:rgba(0, 0, 0, 0)\" class=\"has-inline-color has-neve-link-color-color\">CIVI-CO<\/mark><\/strong> &#8211; comunidade de empreendedores, organiza\u00e7\u00f5es e ativistas c\u00edvico socioambientais que trabalham para gerar transforma\u00e7\u00f5es positivas na sociedade e no espa\u00e7o p\u00fablico. <br>Saiba mais em <a rel=\"noreferrer noopener\" href=\"https:\/\/civi-co.com\/\" data-type=\"link\" data-id=\"https:\/\/civi-co.com\/\" target=\"_blank\">civi-co.com<\/a><\/p>\n\n\n\n<hr class=\"wp-block-separator has-alpha-channel-opacity\"\/>\n\n\n\n<p><strong><mark style=\"background-color:rgba(0, 0, 0, 0)\" class=\"has-inline-color has-neve-link-color-color\">Scirama Psychedelic Science<\/mark><\/strong> &#8211; startup de base biotecnol\u00f3gica para pesquisa, desenvolvimento e inova\u00e7\u00e3o com foco na descoberta de novos compostos, aplica\u00e7\u00f5es e protocolos de psicoterapia assistida com subst\u00e2ncias psicod\u00e9licas. <br>Saiba mais em <a rel=\"noreferrer noopener\" href=\"https:\/\/www.scirama.com\/\" target=\"_blank\">www.scirama.com<\/a><\/p>\n\n\n\n<hr class=\"wp-block-separator has-alpha-channel-opacity\"\/>\n\n\n\n<p><mark style=\"background-color:rgba(0, 0, 0, 0)\" class=\"has-inline-color has-neve-link-color-color\"><strong>Tereza<\/strong><\/mark> &#8211; neg\u00f3cio social que contrata cooperativas sociais de mulheres presas, egresas do sistema prisional e v\u00edtimas de viol\u00eancia dom\u00e9stica para a produ\u00e7\u00e3o de artigos t\u00eaxteis de alta qualidade e com  design diferenciado. Como neg\u00f3cio social, n\u00e3o visa lucro e reinveste excedentes financeiros na contrata\u00e7\u00e3o de mais mulheres, de forma a maximzar seu impacto. <br>Saiba mais em <a rel=\"noreferrer noopener\" href=\"https:\/\/tereza.org.br\/\" target=\"_blank\">tereza.org.br<\/a><\/p>\n<\/div>\n<\/div>\n\n\n\n<div style=\"height:40px\" aria-hidden=\"true\" class=\"wp-block-spacer\"><\/div>\n<\/div><\/div>\n<\/div><\/div>\n","protected":false},"excerpt":{"rendered":"","protected":false},"author":1,"featured_media":0,"parent":0,"menu_order":0,"comment_status":"closed","ping_status":"closed","template":"","meta":{"neve_meta_sidebar":"","neve_meta_container":"","neve_meta_enable_content_width":"on","neve_meta_content_width":100,"neve_meta_title_alignment":"","neve_meta_author_avatar":"","neve_post_elements_order":"","neve_meta_disable_header":"","neve_meta_disable_footer":"","neve_meta_disable_title":"on","footnotes":""},"class_list":["post-185","page","type-page","status-publish","hentry"],"_links":{"self":[{"href":"https:\/\/pdr.org.br\/index.php?rest_route=\/wp\/v2\/pages\/185","targetHints":{"allow":["GET"]}}],"collection":[{"href":"https:\/\/pdr.org.br\/index.php?rest_route=\/wp\/v2\/pages"}],"about":[{"href":"https:\/\/pdr.org.br\/index.php?rest_route=\/wp\/v2\/types\/page"}],"author":[{"embeddable":true,"href":"https:\/\/pdr.org.br\/index.php?rest_route=\/wp\/v2\/users\/1"}],"replies":[{"embeddable":true,"href":"https:\/\/pdr.org.br\/index.php?rest_route=%2Fwp%2Fv2%2Fcomments&post=185"}],"version-history":[{"count":4,"href":"https:\/\/pdr.org.br\/index.php?rest_route=\/wp\/v2\/pages\/185\/revisions"}],"predecessor-version":[{"id":258,"href":"https:\/\/pdr.org.br\/index.php?rest_route=\/wp\/v2\/pages\/185\/revisions\/258"}],"wp:attachment":[{"href":"https:\/\/pdr.org.br\/index.php?rest_route=%2Fwp%2Fv2%2Fmedia&parent=185"}],"curies":[{"name":"wp","href":"https:\/\/api.w.org\/{rel}","templated":true}]}}