{"id":164,"date":"2023-08-20T12:18:13","date_gmt":"2023-08-20T15:18:13","guid":{"rendered":"https:\/\/pdr.org.br\/?page_id=164"},"modified":"2025-05-29T16:41:13","modified_gmt":"2025-05-29T19:41:13","slug":"filantropia","status":"publish","type":"page","link":"https:\/\/pdr.org.br\/?page_id=164","title":{"rendered":"Filantropia"},"content":{"rendered":"\n<div class=\"wp-block-cover alignfull\" style=\"min-height:206px;aspect-ratio:unset;\"><span aria-hidden=\"true\" class=\"wp-block-cover__background has-nv-site-bg-background-color has-background-dim-100 has-background-dim\"><\/span><div class=\"wp-block-cover__inner-container is-layout-flow wp-block-cover-is-layout-flow\">\n<div class=\"wp-block-group\"><div class=\"wp-block-group__inner-container is-layout-flow wp-block-group-is-layout-flow\">\n<h2 class=\"wp-block-heading has-neve-text-color-color has-text-color\">Filantropia Estrat\u00e9gica<\/h2>\n\n\n\n<p class=\"has-neve-text-color-color has-text-color\" style=\"font-size:22px\">Conhe\u00e7a as institui\u00e7\u00f5es sem fins lucrativos que apoiamos<\/p>\n<\/div><\/div>\n<\/div><\/div>\n\n\n\n<div class=\"wp-block-cover alignfull\" style=\"min-height:600px;aspect-ratio:unset;\"><span aria-hidden=\"true\" class=\"wp-block-cover__background has-nv-dark-bg-background-color has-background-dim-100 has-background-dim\"><\/span><div class=\"wp-block-cover__inner-container is-layout-flow wp-block-cover-is-layout-flow\">\n<div class=\"wp-block-group\"><div class=\"wp-block-group__inner-container is-layout-flow wp-block-group-is-layout-flow\">\n<div style=\"height:80px\" aria-hidden=\"true\" class=\"wp-block-spacer\"><\/div>\n\n\n\n<div class=\"wp-block-columns is-layout-flex wp-container-core-columns-is-layout-9d6595d7 wp-block-columns-is-layout-flex\">\n<div class=\"wp-block-column is-layout-flow wp-block-column-is-layout-flow\">\n<p><strong>Instituto Humanitas360<\/strong> &#8211; organiza\u00e7\u00e3o que trabalha para diminuir a viol\u00eancia e melhorar a qualidade de vida da popula\u00e7\u00e3o, promovendo o engajamento c\u00edvico-social dos cidad\u00e3os e a transpar\u00eancia das institui\u00e7\u00f5es. Seus projetos beneficiam grupos sociais invisibilizados e causas complexas, como a reinser\u00e7\u00e3o social de pessoas presas e egressas do sistema prisional, e a defesa de mulheres v\u00edtimas de viol\u00eancia dom\u00e9stica.<br>Saiba mais em <a href=\"http:\/\/www.humanitas360.org\" data-type=\"link\" data-id=\"www.humanitas360.org\">www.humanitas360.org<\/a><\/p>\n\n\n\n<hr class=\"wp-block-separator has-alpha-channel-opacity\"\/>\n\n\n\n<p><strong>Instituto Ficus<\/strong> &#8211; organiza\u00e7\u00e3o que tem como prop\u00f3sito contribuir para uma mudan\u00e7a real do cen\u00e1rio regulat\u00f3rio da Cannabis no Brasil, liberando o potencial econ\u00f4mico e social dessa planta no pa\u00eds. O Ficus j\u00e1 contribui com diversas a\u00e7\u00f5es para essa mudan\u00e7a no cen\u00e1rio regulat\u00f3rio, com destaque para a cria\u00e7\u00e3o da primeira Frente Parlamentar de Cannabis do pa\u00eds, na Assembleia Legislativa de S\u00e3o Paulo.<br><a href=\"https:\/\/www.instagram.com\/institutoficus\/\">https:\/\/www.instagram.com\/institutoficus\/<\/a><\/p>\n\n\n\n<hr class=\"wp-block-separator has-alpha-channel-opacity\"\/>\n\n\n\n<p><strong>Articuladora de Neg\u00f3cios de Impacto da Periferia<\/strong> &#8211; apoiamos essa organiza\u00e7\u00e3o na cria\u00e7\u00e3o de um Fundo de Investimento em Direitos Credit\u00f3rios (FIDC) voltado para neg\u00f3cios de impacto das periferias do Brasil: um fundo de investimentos da periferia para a periferia.<br>Saiba mais em: <a href=\"http:\/\/www.articuladoranip.com\" data-type=\"link\" data-id=\"www.articuladoranip.com\">www.articuladoranip.com<\/a><\/p>\n<\/div>\n<\/div>\n\n\n\n<div style=\"height:40px\" aria-hidden=\"true\" class=\"wp-block-spacer\"><\/div>\n<\/div><\/div>\n<\/div><\/div>\n","protected":false},"excerpt":{"rendered":"","protected":false},"author":1,"featured_media":0,"parent":0,"menu_order":0,"comment_status":"closed","ping_status":"closed","template":"","meta":{"neve_meta_sidebar":"","neve_meta_container":"","neve_meta_enable_content_width":"on","neve_meta_content_width":100,"neve_meta_title_alignment":"","neve_meta_author_avatar":"","neve_post_elements_order":"","neve_meta_disable_header":"","neve_meta_disable_footer":"","neve_meta_disable_title":"on","footnotes":""},"class_list":["post-164","page","type-page","status-publish","hentry"],"_links":{"self":[{"href":"https:\/\/pdr.org.br\/index.php?rest_route=\/wp\/v2\/pages\/164","targetHints":{"allow":["GET"]}}],"collection":[{"href":"https:\/\/pdr.org.br\/index.php?rest_route=\/wp\/v2\/pages"}],"about":[{"href":"https:\/\/pdr.org.br\/index.php?rest_route=\/wp\/v2\/types\/page"}],"author":[{"embeddable":true,"href":"https:\/\/pdr.org.br\/index.php?rest_route=\/wp\/v2\/users\/1"}],"replies":[{"embeddable":true,"href":"https:\/\/pdr.org.br\/index.php?rest_route=%2Fwp%2Fv2%2Fcomments&post=164"}],"version-history":[{"count":15,"href":"https:\/\/pdr.org.br\/index.php?rest_route=\/wp\/v2\/pages\/164\/revisions"}],"predecessor-version":[{"id":257,"href":"https:\/\/pdr.org.br\/index.php?rest_route=\/wp\/v2\/pages\/164\/revisions\/257"}],"wp:attachment":[{"href":"https:\/\/pdr.org.br\/index.php?rest_route=%2Fwp%2Fv2%2Fmedia&parent=164"}],"curies":[{"name":"wp","href":"https:\/\/api.w.org\/{rel}","templated":true}]}}